{"id":5503,"date":"2024-05-20T17:28:07","date_gmt":"2024-05-20T15:28:07","guid":{"rendered":"https:\/\/casadomingo.be\/?page_id=5503"},"modified":"2024-05-20T17:48:04","modified_gmt":"2024-05-20T15:48:04","slug":"politica-de-cookies","status":"publish","type":"page","link":"https:\/\/casadomingo.be\/es\/politica-de-cookies\/","title":{"rendered":"Pol\u00edtica de cookies"},"content":{"rendered":"<h1 class=\"cookie-policy-h1\">Cookie PolicyPol\u00edtica de cookies<\/h1>\n<p>Fecha de vigencia: 10 de julio de 2023<br \/>\n\u00daltima actualizaci\u00f3n: 10 de julio de 2023<\/p>\n<h3><\/h3>\n<h5>\u00bfQu\u00e9 son las cookies?<\/h5>\n<div class=\"cookie-policy-p\">\n<p>Esta Pol\u00edtica de cookies explica qu\u00e9 son las cookies y c\u00f3mo las usamos, los tipos de cookies que utilizamos, es decir, la informaci\u00f3n que recopilamos mediante el uso de cookies y c\u00f3mo se usa esa informaci\u00f3n, y c\u00f3mo administrar la configuraci\u00f3n de las cookies.<\/p>\n<p>Las cookies son peque\u00f1os archivos de texto que se utilizan para almacenar peque\u00f1os fragmentos de informaci\u00f3n. Se almacenan en su dispositivo cuando el sitio web se carga en su navegador. Estas cookies nos ayudan a que el sitio web funcione correctamente, hacerlo m\u00e1s seguro, brindar una mejor experiencia de usuario y comprender c\u00f3mo funciona el sitio web y analizar qu\u00e9 funciona y d\u00f3nde necesita mejorar.<\/p>\n<\/div>\n<h3><\/h3>\n<h5>\u00bfC\u00f3mo usamos las cookies?<\/h5>\n<div class=\"cookie-policy-p\">\n<p><span style=\"font-size: revert; color: initial;\">Como la mayor\u00eda de los servicios en l\u00ednea, nuestro sitio web utiliza cookies propias y de terceros para varios prop\u00f3sitos. Las cookies de origen son en su mayor\u00eda necesarias para que el sitio web funcione correctamente y no recopilan ninguno de sus datos de identificaci\u00f3n personal.<\/span><\/p>\n<\/div>\n<p>Las cookies de terceros utilizadas en nuestro sitio web son principalmente para comprender c\u00f3mo funciona el sitio web, c\u00f3mo interact\u00faa con nuestro sitio web, mantener nuestros servicios seguros, proporcionar anuncios que sean relevantes para usted y, en general, brindarle un usuario mejor y mejorado. experiencia y ayudar a acelerar sus futuras interacciones con nuestro sitio web.<\/p>\n<h5>Tipos de cookies que utilizamos<\/h5>\n<div class=\"cky-audit-table-element\"><\/div>\n<h3><\/h3>\n<h5>Administrar preferencias de cookies<\/h5>\n<h3><a class=\"cky-banner-element\">Configuraci\u00f3n de cookies<\/a><\/h3>\n<div>\n<p>Puede cambiar sus preferencias de cookies en cualquier momento haciendo clic en el bot\u00f3n de arriba. Esto le permitir\u00e1 volver a visitar el banner de consentimiento de cookies y cambiar sus preferencias o retirar su consentimiento de inmediato.<\/p>\n<p>Adem\u00e1s de esto, diferentes navegadores ofrecen diferentes m\u00e9todos para bloquear y eliminar las cookies utilizadas por los sitios web. Puede cambiar la configuraci\u00f3n de su navegador para bloquear\/eliminar las cookies. A continuaci\u00f3n se enumeran los enlaces a los documentos de soporte sobre c\u00f3mo administrar y eliminar cookies de los principales navegadores web.<\/p>\n<p>Chrome:\u00a0<a href=\"https:\/\/support.google.com\/accounts\/answer\/32050\" target=\"_blank\" rel=\"noopener\">https:\/\/support.google.com\/accounts\/answer\/32050<\/a><\/p>\n<p>Safari:\u00a0<a href=\"https:\/\/support.apple.com\/en-in\/guide\/safari\/sfri11471\/mac\" target=\"_blank\" rel=\"noopener\">https:\/\/support.apple.com\/en-in\/guide\/safari\/sfri11471\/mac<\/a><\/p>\n<p>Firefox:\u00a0<a href=\"https:\/\/support.mozilla.org\/en-US\/kb\/clear-cookies-and-site-data-firefox?redirectslug=delete-cookies-remove-info-websites-stored&amp;redirectlocale=en-US\" target=\"_blank\" rel=\"noopener\">https:\/\/support.mozilla.org\/en-US\/kb\/clear-cookies-and-site-data-firefox?redirectslug=delete-cookies-remove-info-websites-stored&amp;redirectlocale=en-US<\/a><\/p>\n<p>Internet Explorer:\u00a0<a href=\"https:\/\/support.microsoft.com\/en-us\/topic\/how-to-delete-cookie-files-in-internet-explorer-bca9446f-d873-78de-77ba-d42645fa52fc\" target=\"_blank\" rel=\"noopener\">https:\/\/support.microsoft.com\/en-us\/topic\/how-to-delete-cookie-files-in-internet-explorer-bca9446f-d873-78de-77ba-d42645fa52fc<\/a><\/p>\n<p>Si est\u00e1 utilizando cualquier otro navegador web, visite los documentos de soporte oficiales de su navegador.<\/p>\n<\/div>\n<h3><\/h3>\n<p class=\"cookie-policy-p\">Pol\u00edtica de cookies generada por <a href=\"https:\/\/www.cookieyes.com\/?utm_source=CP&amp;utm_medium=footer&amp;utm_campaign=UW\" target=\"_blank\" rel=\"noopener\">CookieYes &#8211; Cookie Policy Generator<\/a>.<\/p>\n","protected":false},"excerpt":{"rendered":"<p>Cookie PolicyPol\u00edtica de cookies Fecha de vigencia: 10 de julio de 2023 \u00daltima actualizaci\u00f3n: 10 de julio de 2023 \u00bfQu\u00e9 son las cookies? Esta Pol\u00edtica de cookies explica qu\u00e9 son las cookies y c\u00f3mo las usamos, los tipos de cookies que utilizamos, es decir, la informaci\u00f3n que recopilamos mediante el uso de cookies y c\u00f3mo [&hellip;]<\/p>\n","protected":false},"author":5,"featured_media":0,"parent":0,"menu_order":0,"comment_status":"closed","ping_status":"closed","template":"","meta":{"footnotes":""},"class_list":["post-5503","page","type-page","status-publish","hentry"],"yoast_head":"<!-- This site is optimized with the Yoast SEO plugin v24.2 - https:\/\/yoast.com\/wordpress\/plugins\/seo\/ -->\n<title>Pol\u00edtica de cookies | B&amp;B Casa Domingo<\/title>\n<meta name=\"robots\" content=\"index, follow, max-snippet:-1, max-image-preview:large, max-video-preview:-1\" \/>\n<link rel=\"canonical\" href=\"https:\/\/casadomingo.be\/es\/politica-de-cookies\/\" \/>\n<meta property=\"og:locale\" content=\"es_ES\" \/>\n<meta property=\"og:type\" content=\"article\" \/>\n<meta property=\"og:title\" content=\"Pol\u00edtica de cookies | B&amp;B Casa Domingo\" \/>\n<meta property=\"og:description\" content=\"Cookie PolicyPol\u00edtica de cookies Fecha de vigencia: 10 de julio de 2023 \u00daltima actualizaci\u00f3n: 10 de julio de 2023 \u00bfQu\u00e9 son las cookies? Esta Pol\u00edtica de cookies explica qu\u00e9 son las cookies y c\u00f3mo las usamos, los tipos de cookies que utilizamos, es decir, la informaci\u00f3n que recopilamos mediante el uso de cookies y c\u00f3mo [&hellip;]\" \/>\n<meta property=\"og:url\" content=\"https:\/\/casadomingo.be\/es\/politica-de-cookies\/\" \/>\n<meta property=\"og:site_name\" content=\"B&amp;B Casa Domingo\" \/>\n<meta property=\"article:publisher\" content=\"https:\/\/www.facebook.com\/BedandBreakfastCasaDomingo\" \/>\n<meta property=\"article:modified_time\" content=\"2024-05-20T15:48:04+00:00\" \/>\n<meta property=\"og:image\" content=\"https:\/\/casadomingo.be\/wp-content\/uploads\/2023\/02\/cropped-foto-perfil-verde.png\" \/>\n\t<meta property=\"og:image:width\" content=\"512\" \/>\n\t<meta property=\"og:image:height\" content=\"512\" \/>\n\t<meta property=\"og:image:type\" content=\"image\/png\" \/>\n<meta name=\"twitter:card\" content=\"summary_large_image\" \/>\n<meta name=\"twitter:label1\" content=\"Tiempo de lectura\" \/>\n\t<meta name=\"twitter:data1\" content=\"2 minutos\" \/>\n<script type=\"application\/ld+json\" class=\"yoast-schema-graph\">{\"@context\":\"https:\/\/schema.org\",\"@graph\":[{\"@type\":\"WebPage\",\"@id\":\"https:\/\/casadomingo.be\/es\/politica-de-cookies\/\",\"url\":\"https:\/\/casadomingo.be\/es\/politica-de-cookies\/\",\"name\":\"Pol\u00edtica de cookies | B&amp;B Casa Domingo\",\"isPartOf\":{\"@id\":\"https:\/\/casadomingo.be\/es\/#website\"},\"datePublished\":\"2024-05-20T15:28:07+00:00\",\"dateModified\":\"2024-05-20T15:48:04+00:00\",\"breadcrumb\":{\"@id\":\"https:\/\/casadomingo.be\/es\/politica-de-cookies\/#breadcrumb\"},\"inLanguage\":\"es\",\"potentialAction\":[{\"@type\":\"ReadAction\",\"target\":[\"https:\/\/casadomingo.be\/es\/politica-de-cookies\/\"]}]},{\"@type\":\"BreadcrumbList\",\"@id\":\"https:\/\/casadomingo.be\/es\/politica-de-cookies\/#breadcrumb\",\"itemListElement\":[{\"@type\":\"ListItem\",\"position\":1,\"name\":\"Portada\",\"item\":\"https:\/\/casadomingo.be\/es\/\"},{\"@type\":\"ListItem\",\"position\":2,\"name\":\"Pol\u00edtica de cookies\"}]},{\"@type\":\"WebSite\",\"@id\":\"https:\/\/casadomingo.be\/es\/#website\",\"url\":\"https:\/\/casadomingo.be\/es\/\",\"name\":\"B&amp;B Casa Domingo\",\"description\":\"Alojamiento rural en \u00c1lora con piscina\",\"publisher\":{\"@id\":\"https:\/\/casadomingo.be\/es\/#organization\"},\"alternateName\":\"Alojamiento rural en \u00c1lora con piscina\",\"potentialAction\":[{\"@type\":\"SearchAction\",\"target\":{\"@type\":\"EntryPoint\",\"urlTemplate\":\"https:\/\/casadomingo.be\/es\/?s={search_term_string}\"},\"query-input\":{\"@type\":\"PropertyValueSpecification\",\"valueRequired\":true,\"valueName\":\"search_term_string\"}}],\"inLanguage\":\"es\"},{\"@type\":\"Organization\",\"@id\":\"https:\/\/casadomingo.be\/es\/#organization\",\"name\":\"B&B Casa Domingo \u00c1lora\",\"alternateName\":\"Alojamiento rural en \u00c1lora con piscina\",\"url\":\"https:\/\/casadomingo.be\/es\/\",\"logo\":{\"@type\":\"ImageObject\",\"inLanguage\":\"es\",\"@id\":\"https:\/\/casadomingo.be\/es\/#\/schema\/logo\/image\/\",\"url\":\"https:\/\/casadomingo.be\/wp-content\/uploads\/2023\/02\/foto-perfil-verde.png\",\"contentUrl\":\"https:\/\/casadomingo.be\/wp-content\/uploads\/2023\/02\/foto-perfil-verde.png\",\"width\":1080,\"height\":1080,\"caption\":\"B&B Casa Domingo \u00c1lora\"},\"image\":{\"@id\":\"https:\/\/casadomingo.be\/es\/#\/schema\/logo\/image\/\"},\"sameAs\":[\"https:\/\/www.facebook.com\/BedandBreakfastCasaDomingo\",\"https:\/\/www.instagram.com\/benb_casa_domingo\/\"]}]}<\/script>\n<!-- \/ Yoast SEO plugin. -->","yoast_head_json":{"title":"Pol\u00edtica de cookies | B&amp;B Casa Domingo","robots":{"index":"index","follow":"follow","max-snippet":"max-snippet:-1","max-image-preview":"max-image-preview:large","max-video-preview":"max-video-preview:-1"},"canonical":"https:\/\/casadomingo.be\/es\/politica-de-cookies\/","og_locale":"es_ES","og_type":"article","og_title":"Pol\u00edtica de cookies | B&amp;B Casa Domingo","og_description":"Cookie PolicyPol\u00edtica de cookies Fecha de vigencia: 10 de julio de 2023 \u00daltima actualizaci\u00f3n: 10 de julio de 2023 \u00bfQu\u00e9 son las cookies? Esta Pol\u00edtica de cookies explica qu\u00e9 son las cookies y c\u00f3mo las usamos, los tipos de cookies que utilizamos, es decir, la informaci\u00f3n que recopilamos mediante el uso de cookies y c\u00f3mo [&hellip;]","og_url":"https:\/\/casadomingo.be\/es\/politica-de-cookies\/","og_site_name":"B&amp;B Casa Domingo","article_publisher":"https:\/\/www.facebook.com\/BedandBreakfastCasaDomingo","article_modified_time":"2024-05-20T15:48:04+00:00","og_image":[{"width":512,"height":512,"url":"https:\/\/casadomingo.be\/wp-content\/uploads\/2023\/02\/cropped-foto-perfil-verde.png","type":"image\/png"}],"twitter_card":"summary_large_image","twitter_misc":{"Tiempo de lectura":"2 minutos"},"schema":{"@context":"https:\/\/schema.org","@graph":[{"@type":"WebPage","@id":"https:\/\/casadomingo.be\/es\/politica-de-cookies\/","url":"https:\/\/casadomingo.be\/es\/politica-de-cookies\/","name":"Pol\u00edtica de cookies | B&amp;B Casa Domingo","isPartOf":{"@id":"https:\/\/casadomingo.be\/es\/#website"},"datePublished":"2024-05-20T15:28:07+00:00","dateModified":"2024-05-20T15:48:04+00:00","breadcrumb":{"@id":"https:\/\/casadomingo.be\/es\/politica-de-cookies\/#breadcrumb"},"inLanguage":"es","potentialAction":[{"@type":"ReadAction","target":["https:\/\/casadomingo.be\/es\/politica-de-cookies\/"]}]},{"@type":"BreadcrumbList","@id":"https:\/\/casadomingo.be\/es\/politica-de-cookies\/#breadcrumb","itemListElement":[{"@type":"ListItem","position":1,"name":"Portada","item":"https:\/\/casadomingo.be\/es\/"},{"@type":"ListItem","position":2,"name":"Pol\u00edtica de cookies"}]},{"@type":"WebSite","@id":"https:\/\/casadomingo.be\/es\/#website","url":"https:\/\/casadomingo.be\/es\/","name":"B&amp;B Casa Domingo","description":"Alojamiento rural en \u00c1lora con piscina","publisher":{"@id":"https:\/\/casadomingo.be\/es\/#organization"},"alternateName":"Alojamiento rural en \u00c1lora con piscina","potentialAction":[{"@type":"SearchAction","target":{"@type":"EntryPoint","urlTemplate":"https:\/\/casadomingo.be\/es\/?s={search_term_string}"},"query-input":{"@type":"PropertyValueSpecification","valueRequired":true,"valueName":"search_term_string"}}],"inLanguage":"es"},{"@type":"Organization","@id":"https:\/\/casadomingo.be\/es\/#organization","name":"B&B Casa Domingo \u00c1lora","alternateName":"Alojamiento rural en \u00c1lora con piscina","url":"https:\/\/casadomingo.be\/es\/","logo":{"@type":"ImageObject","inLanguage":"es","@id":"https:\/\/casadomingo.be\/es\/#\/schema\/logo\/image\/","url":"https:\/\/casadomingo.be\/wp-content\/uploads\/2023\/02\/foto-perfil-verde.png","contentUrl":"https:\/\/casadomingo.be\/wp-content\/uploads\/2023\/02\/foto-perfil-verde.png","width":1080,"height":1080,"caption":"B&B Casa Domingo \u00c1lora"},"image":{"@id":"https:\/\/casadomingo.be\/es\/#\/schema\/logo\/image\/"},"sameAs":["https:\/\/www.facebook.com\/BedandBreakfastCasaDomingo","https:\/\/www.instagram.com\/benb_casa_domingo\/"]}]}},"_links":{"self":[{"href":"https:\/\/casadomingo.be\/es\/wp-json\/wp\/v2\/pages\/5503","targetHints":{"allow":["GET"]}}],"collection":[{"href":"https:\/\/casadomingo.be\/es\/wp-json\/wp\/v2\/pages"}],"about":[{"href":"https:\/\/casadomingo.be\/es\/wp-json\/wp\/v2\/types\/page"}],"author":[{"embeddable":true,"href":"https:\/\/casadomingo.be\/es\/wp-json\/wp\/v2\/users\/5"}],"replies":[{"embeddable":true,"href":"https:\/\/casadomingo.be\/es\/wp-json\/wp\/v2\/comments?post=5503"}],"version-history":[{"count":5,"href":"https:\/\/casadomingo.be\/es\/wp-json\/wp\/v2\/pages\/5503\/revisions"}],"predecessor-version":[{"id":5520,"href":"https:\/\/casadomingo.be\/es\/wp-json\/wp\/v2\/pages\/5503\/revisions\/5520"}],"wp:attachment":[{"href":"https:\/\/casadomingo.be\/es\/wp-json\/wp\/v2\/media?parent=5503"}],"curies":[{"name":"wp","href":"https:\/\/api.w.org\/{rel}","templated":true}]}}