{"id":2675,"date":"2024-02-11T17:50:42","date_gmt":"2024-02-11T16:50:42","guid":{"rendered":"https:\/\/casadomingo.be\/?page_id=2675"},"modified":"2024-06-19T13:40:25","modified_gmt":"2024-06-19T11:40:25","slug":"alquiler-de-coche","status":"publish","type":"page","link":"https:\/\/casadomingo.be\/es\/alquiler-de-coche\/","title":{"rendered":"Alquiler de Coche"},"content":{"rendered":"\t\t<div data-elementor-type=\"wp-page\" data-elementor-id=\"2675\" class=\"elementor elementor-2675\" data-elementor-post-type=\"page\">\n\t\t\t\t\t\t<section class=\"elementor-section elementor-top-section elementor-element elementor-element-537f9668 elementor-section-boxed elementor-section-height-default elementor-section-height-default\" data-id=\"537f9668\" data-element_type=\"section\">\n\t\t\t\t\t\t<div class=\"elementor-container elementor-column-gap-default\">\n\t\t\t\t\t<div class=\"elementor-column elementor-col-100 elementor-top-column elementor-element elementor-element-4592284a\" data-id=\"4592284a\" data-element_type=\"column\">\n\t\t\t<div class=\"elementor-widget-wrap\">\n\t\t\t\t\t\t\t<\/div>\n\t\t<\/div>\n\t\t\t\t\t<\/div>\n\t\t<\/section>\n\t\t\t\t<section class=\"elementor-section elementor-top-section elementor-element elementor-element-350ce8fc elementor-section-full_width elementor-section-height-min-height elementor-section-items-bottom elementor-section-height-default\" data-id=\"350ce8fc\" data-element_type=\"section\" data-settings=\"{&quot;background_background&quot;:&quot;slideshow&quot;,&quot;background_slideshow_gallery&quot;:[{&quot;id&quot;:4534,&quot;url&quot;:&quot;https:\\\/\\\/casadomingo.be\\\/wp-content\\\/uploads\\\/2024\\\/02\\\/Autoverhuur-BB-Casa-Domingo.jpeg&quot;}],&quot;background_slideshow_slide_duration&quot;:3000,&quot;background_slideshow_slide_transition&quot;:&quot;slide_left&quot;,&quot;background_slideshow_ken_burns&quot;:&quot;yes&quot;,&quot;background_slideshow_ken_burns_zoom_direction&quot;:&quot;out&quot;,&quot;background_slideshow_loop&quot;:&quot;yes&quot;,&quot;background_slideshow_transition_duration&quot;:500}\">\n\t\t\t\t\t\t\t<div class=\"elementor-background-overlay\"><\/div>\n\t\t\t\t\t\t\t<div class=\"elementor-container elementor-column-gap-no\">\n\t\t\t\t\t<div class=\"elementor-column elementor-col-100 elementor-top-column elementor-element elementor-element-514d31e9\" data-id=\"514d31e9\" data-element_type=\"column\">\n\t\t\t<div class=\"elementor-widget-wrap elementor-element-populated\">\n\t\t\t\t\t\t<div class=\"elementor-element elementor-element-5c799e06 elementor-widget-divider--view-line elementor-widget elementor-widget-divider\" data-id=\"5c799e06\" data-element_type=\"widget\" data-widget_type=\"divider.default\">\n\t\t\t\t<div class=\"elementor-widget-container\">\n\t\t\t\t\t\t\t<div class=\"elementor-divider\">\n\t\t\t<span class=\"elementor-divider-separator\">\n\t\t\t\t\t\t<\/span>\n\t\t<\/div>\n\t\t\t\t\t\t<\/div>\n\t\t\t\t<\/div>\n\t\t\t\t<div class=\"elementor-element elementor-element-26936689 elementor-invisible elementor-widget elementor-widget-heading\" data-id=\"26936689\" data-element_type=\"widget\" data-settings=\"{&quot;_animation&quot;:&quot;fadeInUp&quot;}\" data-widget_type=\"heading.default\">\n\t\t\t\t<div class=\"elementor-widget-container\">\n\t\t\t\t\t<h4 class=\"elementor-heading-title elementor-size-default\">B&amp;B Casa Domingo<\/h4>\t\t\t\t<\/div>\n\t\t\t\t<\/div>\n\t\t\t\t\t<\/div>\n\t\t<\/div>\n\t\t\t\t\t<\/div>\n\t\t<\/section>\n\t\t\t\t<section class=\"elementor-section elementor-top-section elementor-element elementor-element-f526a23 elementor-section-boxed elementor-section-height-default elementor-section-height-default\" data-id=\"f526a23\" data-element_type=\"section\">\n\t\t\t\t\t\t<div class=\"elementor-container elementor-column-gap-default\">\n\t\t\t\t\t<div class=\"elementor-column elementor-col-100 elementor-top-column elementor-element elementor-element-557a26a\" data-id=\"557a26a\" data-element_type=\"column\">\n\t\t\t<div class=\"elementor-widget-wrap\">\n\t\t\t\t\t\t\t<\/div>\n\t\t<\/div>\n\t\t\t\t\t<\/div>\n\t\t<\/section>\n\t\t\t\t<section class=\"elementor-section elementor-top-section elementor-element elementor-element-321d7e31 elementor-section-boxed elementor-section-height-default elementor-section-height-default\" data-id=\"321d7e31\" data-element_type=\"section\">\n\t\t\t\t\t\t<div class=\"elementor-container elementor-column-gap-default\">\n\t\t\t\t\t<div class=\"elementor-column elementor-col-50 elementor-top-column elementor-element elementor-element-5612566\" data-id=\"5612566\" data-element_type=\"column\">\n\t\t\t<div class=\"elementor-widget-wrap elementor-element-populated\">\n\t\t\t\t\t\t<div class=\"elementor-element elementor-element-42fd9ea1 elementor-invisible elementor-widget elementor-widget-heading\" data-id=\"42fd9ea1\" data-element_type=\"widget\" data-settings=\"{&quot;_animation&quot;:&quot;fadeInUp&quot;}\" data-widget_type=\"heading.default\">\n\t\t\t\t<div class=\"elementor-widget-container\">\n\t\t\t\t\t<h2 class=\"elementor-heading-title elementor-size-default\">Alquiler de Coches<\/h2>\t\t\t\t<\/div>\n\t\t\t\t<\/div>\n\t\t\t\t\t<\/div>\n\t\t<\/div>\n\t\t\t\t<div class=\"elementor-column elementor-col-50 elementor-top-column elementor-element elementor-element-65ae89bb\" data-id=\"65ae89bb\" data-element_type=\"column\">\n\t\t\t<div class=\"elementor-widget-wrap elementor-element-populated\">\n\t\t\t\t\t\t<div class=\"elementor-element elementor-element-51055e8a elementor-widget elementor-widget-text-editor\" data-id=\"51055e8a\" data-element_type=\"widget\" data-widget_type=\"text-editor.default\">\n\t\t\t\t<div class=\"elementor-widget-container\">\n\t\t\t\t\t\t\t\t\t<div class=\"group w-full text-gray-800 dark:text-gray-100 border-b border-black\/10 dark:border-gray-900\/50 bg-gray-50 dark:bg-[#444654]\"><div class=\"flex p-4 gap-4 text-base md:gap-6 md:max-w-2xl lg:max-w-[38rem] xl:max-w-3xl md:py-6 lg:px-0 m-auto\"><div class=\"relative flex w-[calc(100%-50px)] flex-col gap-1 md:gap-3 lg:w-[calc(100%-115px)]\"><div class=\"flex flex-grow flex-col gap-3\"><div class=\"min-h-[20px] flex flex-col items-start gap-4 whitespace-pre-wrap break-words\"><div class=\"markdown prose w-full break-words dark:prose-invert light\"><p>En Casa Domingo podemos ofrecerte un <strong>coche de alquiler en el aeropuerto<\/strong>. Antonio, nuestro encargado del alquiler, estar\u00e1 esper\u00e1ndote en la terminal de llegadas con un cartel con tu nombre.<strong> Tu coche, equipado con aire acondicionado, estar\u00e1 listo para que lo recojas en la entrada.<\/strong><\/p><\/div><\/div><\/div><\/div><\/div><\/div>\t\t\t\t\t\t\t\t<\/div>\n\t\t\t\t<\/div>\n\t\t\t\t<div class=\"elementor-element elementor-element-7b27f2c9 elementor-mobile-align-justify elementor-align-right elementor-invisible elementor-widget elementor-widget-button\" data-id=\"7b27f2c9\" data-element_type=\"widget\" data-settings=\"{&quot;_animation&quot;:&quot;fadeInRight&quot;}\" data-widget_type=\"button.default\">\n\t\t\t\t<div class=\"elementor-widget-container\">\n\t\t\t\t\t\t\t\t\t<div class=\"elementor-button-wrapper\">\n\t\t\t\t\t<a class=\"elementor-button elementor-button-link elementor-size-lg\" href=\"\/contacto\">\n\t\t\t\t\t\t<span class=\"elementor-button-content-wrapper\">\n\t\t\t\t\t\t\t\t\t<span class=\"elementor-button-text\">Contacta<\/span>\n\t\t\t\t\t<\/span>\n\t\t\t\t\t<\/a>\n\t\t\t\t<\/div>\n\t\t\t\t\t\t\t\t<\/div>\n\t\t\t\t<\/div>\n\t\t\t\t\t<\/div>\n\t\t<\/div>\n\t\t\t\t\t<\/div>\n\t\t<\/section>\n\t\t\t\t<section class=\"elementor-section elementor-top-section elementor-element elementor-element-ac23803 elementor-section-boxed elementor-section-height-default elementor-section-height-default\" data-id=\"ac23803\" data-element_type=\"section\">\n\t\t\t\t\t\t<div class=\"elementor-container elementor-column-gap-default\">\n\t\t\t\t\t<div class=\"elementor-column elementor-col-100 elementor-top-column elementor-element elementor-element-45a832c5\" data-id=\"45a832c5\" data-element_type=\"column\">\n\t\t\t<div class=\"elementor-widget-wrap elementor-element-populated\">\n\t\t\t\t\t\t<div class=\"elementor-element elementor-element-6cdffcca elementor-widget elementor-widget-text-editor\" data-id=\"6cdffcca\" data-element_type=\"widget\" data-widget_type=\"text-editor.default\">\n\t\t\t\t<div class=\"elementor-widget-container\">\n\t\t\t\t\t\t\t\t\t<table dir=\"ltr\" border=\"1\" cellspacing=\"0\" cellpadding=\"0\"><colgroup> <col width=\"141\" \/> <col width=\"323\" \/> <col width=\"79\" \/><\/colgroup><tbody><tr><td colspan=\"3\" rowspan=\"1\" data-sheets-value=\"{&quot;1&quot;:2,&quot;2&quot;:&quot;Precios (para 7 d\u00edas)&quot;}\">Precios (para 7 d\u00edas)<\/td><\/tr><tr><td data-sheets-value=\"{&quot;1&quot;:2,&quot;2&quot;:&quot;Categor\u00eda A&quot;}\">Categor\u00eda A<\/td><td data-sheets-value=\"{&quot;1&quot;:2,&quot;2&quot;:&quot;Fiat Panda 5p., Fiat 500 3p. o equivalente&quot;}\">Fiat Panda 5p., Fiat 500 3p. o equivalente<\/td><td data-sheets-value=\"{&quot;1&quot;:2,&quot;2&quot;:&quot;168\u20ac\/231\u20ac&quot;}\">168\u20ac\/231\u20ac<\/td><\/tr><tr><td data-sheets-value=\"{&quot;1&quot;:2,&quot;2&quot;:&quot;Categor\u00eda AD&quot;}\">Categor\u00eda AD<\/td><td data-sheets-value=\"{&quot;1&quot;:2,&quot;2&quot;:&quot;Fiat 500 3p. Cabrio o equivalente&quot;}\">Fiat 500 3p. Cabrio o equivalente<\/td><td data-sheets-value=\"{&quot;1&quot;:2,&quot;2&quot;:&quot;184\u20ac\/265\u20ac&quot;}\">184\u20ac\/265\u20ac<\/td><\/tr><tr><td data-sheets-value=\"{&quot;1&quot;:2,&quot;2&quot;:&quot;Categor\u00eda B&quot;}\">Categor\u00eda B<\/td><td data-sheets-value=\"{&quot;1&quot;:2,&quot;2&quot;:&quot;Ford Fiesta o equivalente&quot;}\">Ford Fiesta o equivalente<\/td><td data-sheets-value=\"{&quot;1&quot;:2,&quot;2&quot;:&quot;178\u20ac\/236\u20ac&quot;}\">178\u20ac\/236\u20ac<\/td><\/tr><tr><td data-sheets-value=\"{&quot;1&quot;:2,&quot;2&quot;:&quot;Categor\u00eda BA&quot;}\">Categor\u00eda BA<\/td><td data-sheets-value=\"{&quot;1&quot;:2,&quot;2&quot;:&quot;Ford Fiesta Automatico o equivalente&quot;}\">Ford Fiesta Automatico o equivalente<\/td><td data-sheets-value=\"{&quot;1&quot;:2,&quot;2&quot;:&quot;190\u20ac\/268\u20ac&quot;}\">190\u20ac\/268\u20ac<\/td><\/tr><tr><td data-sheets-value=\"{&quot;1&quot;:2,&quot;2&quot;:&quot;Categor\u00eda C&quot;}\">Categor\u00eda C<\/td><td data-sheets-value=\"{&quot;1&quot;:2,&quot;2&quot;:&quot;Ford Focus o equivalente&quot;}\">Ford Focus o equivalente<\/td><td data-sheets-value=\"{&quot;1&quot;:2,&quot;2&quot;:&quot;195\u20ac\/260\u20ac&quot;}\">195\u20ac\/260\u20ac<\/td><\/tr><tr><td data-sheets-value=\"{&quot;1&quot;:2,&quot;2&quot;:&quot;Categor\u00eda CA&quot;}\">Categor\u00eda CA<\/td><td data-sheets-value=\"{&quot;1&quot;:2,&quot;2&quot;:&quot;Ford Focus Automatico o equivalente&quot;}\">Ford Focus Automatico o equivalente<\/td><td data-sheets-value=\"{&quot;1&quot;:2,&quot;2&quot;:&quot;220\u20ac\/295\u20ac&quot;}\">220\u20ac\/295\u20ac<\/td><\/tr><tr><td data-sheets-value=\"{&quot;1&quot;:2,&quot;2&quot;:&quot;Categor\u00eda D&quot;}\">Categor\u00eda D<\/td><td data-sheets-value=\"{&quot;1&quot;:2,&quot;2&quot;:&quot;Ford Focus Stationwagon o equivalente&quot;}\">Ford Focus Stationwagon o equivalente<\/td><td data-sheets-value=\"{&quot;1&quot;:2,&quot;2&quot;:&quot;235\u20ac\/326\u20ac&quot;}\">235\u20ac\/326\u20ac<\/td><\/tr><tr><td data-sheets-value=\"{&quot;1&quot;:2,&quot;2&quot;:&quot;Categor\u00eda DA&quot;}\">Categor\u00eda DA<\/td><td data-sheets-value=\"{&quot;1&quot;:2,&quot;2&quot;:&quot;Ford Focus Stationwagon Automatico o equivalente&quot;}\">Ford Focus Stationwagon Automatico o equivalente<\/td><td data-sheets-value=\"{&quot;1&quot;:2,&quot;2&quot;:&quot;255\u20ac\/378\u20ac&quot;}\">255\u20ac\/378\u20ac<\/td><\/tr><tr><td data-sheets-value=\"{&quot;1&quot;:2,&quot;2&quot;:&quot;Categor\u00eda E&quot;}\">Categor\u00eda E<\/td><td data-sheets-value=\"{&quot;1&quot;:2,&quot;2&quot;:&quot;Renault Captur o equivalente&quot;}\">Renault Captur o equivalente<\/td><td data-sheets-value=\"{&quot;1&quot;:2,&quot;2&quot;:&quot;243\u20ac\/346\u20ac&quot;}\">243\u20ac\/346\u20ac<\/td><\/tr><tr><td data-sheets-value=\"{&quot;1&quot;:2,&quot;2&quot;:&quot;Categor\u00eda EA&quot;}\">Categor\u00eda EA<\/td><td data-sheets-value=\"{&quot;1&quot;:2,&quot;2&quot;:&quot;Renault Captur Automatico o equivalente\/td&gt;&quot;}\">Renault Captur Automatico o equivalente\/td&gt;<\/td><td data-sheets-value=\"{&quot;1&quot;:2,&quot;2&quot;:&quot;284\u20ac\/399\u20ac&quot;}\">284\u20ac\/399\u20ac<\/td><\/tr><tr><td data-sheets-value=\"{&quot;1&quot;:2,&quot;2&quot;:&quot;Categor\u00eda F&quot;}\">Categor\u00eda F<\/td><td data-sheets-value=\"{&quot;1&quot;:2,&quot;2&quot;:&quot;Opel Zafira 7p. o equivalente&quot;}\">Opel Zafira 7p. o equivalente<\/td><td data-sheets-value=\"{&quot;1&quot;:2,&quot;2&quot;:&quot;395\u20ac\/535\u20ac&quot;}\">395\u20ac\/535\u20ac<\/td><\/tr><tr><td data-sheets-value=\"{&quot;1&quot;:2,&quot;2&quot;:&quot;Categor\u00eda FA&quot;}\">Categor\u00eda FA<\/td><td data-sheets-value=\"{&quot;1&quot;:2,&quot;2&quot;:&quot;Opel Zafira 7p. Automatico o equivalente&quot;}\">Opel Zafira 7p. Automatico o equivalente<\/td><td data-sheets-value=\"{&quot;1&quot;:2,&quot;2&quot;:&quot;475\u20ac\/610\u20ac&quot;}\">475\u20ac\/610\u20ac<\/td><\/tr><tr><td data-sheets-value=\"{&quot;1&quot;:2,&quot;2&quot;:&quot;Categor\u00eda J&quot;}\">Categor\u00eda J<\/td><td data-sheets-value=\"{&quot;1&quot;:2,&quot;2&quot;:&quot;Renault Traffic 9p. o equivalente&quot;}\">Renault Traffic 9p. o equivalente<\/td><td data-sheets-value=\"{&quot;1&quot;:2,&quot;2&quot;:&quot;450\u20ac\/735\u20ac&quot;}\">450\u20ac\/735\u20ac<\/td><\/tr><tr><td data-sheets-value=\"{&quot;1&quot;:2,&quot;2&quot;:&quot;Categor\u00eda K&quot;}\">Categor\u00eda K<\/td><td data-sheets-value=\"{&quot;1&quot;:2,&quot;2&quot;:&quot;Fiat Doblo 5p. o equivalente&quot;}\">Fiat Doblo 5p. o equivalente<\/td><td data-sheets-value=\"{&quot;1&quot;:2,&quot;2&quot;:&quot;195\u20ac\/260\u20ac&quot;}\">195\u20ac\/260\u20ac<\/td><\/tr><\/tbody><\/table>\t\t\t\t\t\t\t\t<\/div>\n\t\t\t\t<\/div>\n\t\t\t\t<div class=\"elementor-element elementor-element-6eb0de27 elementor-widget elementor-widget-text-editor\" data-id=\"6eb0de27\" data-element_type=\"widget\" data-widget_type=\"text-editor.default\">\n\t\t\t\t<div class=\"elementor-widget-container\">\n\t\t\t\t\t\t\t\t\t<p>Se solicita un suplemento de 20 EUR para la entrega del coche despu\u00e9s de las 22:00 h y antes de las 07:00h.<\/p><p>Temporada alta: Semana Santa &#8211; Abril &#8211; Junio a Octubre &#8211; Navidad y A\u00f1o Nuevo.<\/p>\t\t\t\t\t\t\t\t<\/div>\n\t\t\t\t<\/div>\n\t\t\t\t\t<\/div>\n\t\t<\/div>\n\t\t\t\t\t<\/div>\n\t\t<\/section>\n\t\t\t\t<section class=\"elementor-section elementor-top-section elementor-element elementor-element-72daee4f elementor-section-boxed elementor-section-height-default elementor-section-height-default\" data-id=\"72daee4f\" data-element_type=\"section\">\n\t\t\t\t\t\t<div class=\"elementor-container elementor-column-gap-default\">\n\t\t\t\t\t<div class=\"elementor-column elementor-col-100 elementor-top-column elementor-element elementor-element-7eeb5438\" data-id=\"7eeb5438\" data-element_type=\"column\">\n\t\t\t<div class=\"elementor-widget-wrap elementor-element-populated\">\n\t\t\t\t\t\t<div class=\"elementor-element elementor-element-46776590 elementor-widget-divider--view-line elementor-widget elementor-widget-divider\" data-id=\"46776590\" data-element_type=\"widget\" data-widget_type=\"divider.default\">\n\t\t\t\t<div class=\"elementor-widget-container\">\n\t\t\t\t\t\t\t<div class=\"elementor-divider\">\n\t\t\t<span class=\"elementor-divider-separator\">\n\t\t\t\t\t\t<\/span>\n\t\t<\/div>\n\t\t\t\t\t\t<\/div>\n\t\t\t\t<\/div>\n\t\t\t\t\t<\/div>\n\t\t<\/div>\n\t\t\t\t\t<\/div>\n\t\t<\/section>\n\t\t\t\t<\/div>\n\t\t","protected":false},"excerpt":{"rendered":"<p>Para empezar tus vacaciones descansando, Antonio o uno de sus compa\u00f1eros te estar\u00e1 esperando en el aeropuerto con una placa con tu nombre para entregarte las llaves del coche.<\/p>\n","protected":false},"author":1,"featured_media":4537,"parent":0,"menu_order":0,"comment_status":"closed","ping_status":"closed","template":"elementor_header_footer","meta":{"footnotes":""},"class_list":["post-2675","page","type-page","status-publish","has-post-thumbnail","hentry"],"yoast_head":"<!-- This site is optimized with the Yoast SEO plugin v24.2 - https:\/\/yoast.com\/wordpress\/plugins\/seo\/ -->\n<title>Alquiler de coches en B&amp;B Casa Domingo, descubre Andaluc\u00eda.<\/title>\n<meta name=\"description\" content=\"Alquiler de coches en B&amp;B Casa Domingo, descubre Andaluc\u00eda con total libertad con nuestros coches de alquiler en \u00c1lora, M\u00e1laga.\" \/>\n<meta name=\"robots\" content=\"index, follow, max-snippet:-1, max-image-preview:large, max-video-preview:-1\" \/>\n<link rel=\"canonical\" href=\"https:\/\/casadomingo.be\/es\/alquiler-de-coche\/\" \/>\n<meta property=\"og:locale\" content=\"es_ES\" \/>\n<meta property=\"og:type\" content=\"article\" \/>\n<meta property=\"og:title\" content=\"Alquiler de coches en B&amp;B Casa Domingo, descubre Andaluc\u00eda.\" \/>\n<meta property=\"og:description\" content=\"Alquiler de coches en B&amp;B Casa Domingo, descubre Andaluc\u00eda con total libertad con nuestros coches de alquiler en \u00c1lora, M\u00e1laga.\" \/>\n<meta property=\"og:url\" content=\"https:\/\/casadomingo.be\/es\/alquiler-de-coche\/\" \/>\n<meta property=\"og:site_name\" content=\"B&amp;B Casa Domingo\" \/>\n<meta property=\"article:publisher\" content=\"https:\/\/www.facebook.com\/BedandBreakfastCasaDomingo\" \/>\n<meta property=\"article:modified_time\" content=\"2024-06-19T11:40:25+00:00\" \/>\n<meta property=\"og:image\" content=\"https:\/\/casadomingo.be\/wp-content\/uploads\/2024\/02\/Autoverhuur-BB-Casa-Domingo-1-scaled.jpg\" \/>\n\t<meta property=\"og:image:width\" content=\"2560\" \/>\n\t<meta property=\"og:image:height\" content=\"1707\" \/>\n\t<meta property=\"og:image:type\" content=\"image\/jpeg\" \/>\n<meta name=\"twitter:card\" content=\"summary_large_image\" \/>\n<meta name=\"twitter:label1\" content=\"Tiempo de lectura\" \/>\n\t<meta name=\"twitter:data1\" content=\"2 minutos\" \/>\n<script type=\"application\/ld+json\" class=\"yoast-schema-graph\">{\"@context\":\"https:\/\/schema.org\",\"@graph\":[{\"@type\":\"WebPage\",\"@id\":\"https:\/\/casadomingo.be\/es\/alquiler-de-coche\/\",\"url\":\"https:\/\/casadomingo.be\/es\/alquiler-de-coche\/\",\"name\":\"Alquiler de coches en B&B Casa Domingo, descubre Andaluc\u00eda.\",\"isPartOf\":{\"@id\":\"https:\/\/casadomingo.be\/es\/#website\"},\"primaryImageOfPage\":{\"@id\":\"https:\/\/casadomingo.be\/es\/alquiler-de-coche\/#primaryimage\"},\"image\":{\"@id\":\"https:\/\/casadomingo.be\/es\/alquiler-de-coche\/#primaryimage\"},\"thumbnailUrl\":\"https:\/\/casadomingo.be\/wp-content\/uploads\/2024\/02\/Autoverhuur-BB-Casa-Domingo-1-scaled.jpg\",\"datePublished\":\"2024-02-11T16:50:42+00:00\",\"dateModified\":\"2024-06-19T11:40:25+00:00\",\"description\":\"Alquiler de coches en B&B Casa Domingo, descubre Andaluc\u00eda con total libertad con nuestros coches de alquiler en \u00c1lora, M\u00e1laga.\",\"breadcrumb\":{\"@id\":\"https:\/\/casadomingo.be\/es\/alquiler-de-coche\/#breadcrumb\"},\"inLanguage\":\"es\",\"potentialAction\":[{\"@type\":\"ReadAction\",\"target\":[\"https:\/\/casadomingo.be\/es\/alquiler-de-coche\/\"]}]},{\"@type\":\"ImageObject\",\"inLanguage\":\"es\",\"@id\":\"https:\/\/casadomingo.be\/es\/alquiler-de-coche\/#primaryimage\",\"url\":\"https:\/\/casadomingo.be\/wp-content\/uploads\/2024\/02\/Autoverhuur-BB-Casa-Domingo-1-scaled.jpg\",\"contentUrl\":\"https:\/\/casadomingo.be\/wp-content\/uploads\/2024\/02\/Autoverhuur-BB-Casa-Domingo-1-scaled.jpg\",\"width\":2560,\"height\":1707,\"caption\":\"Autoverhuur B&B Casa Domingo\"},{\"@type\":\"BreadcrumbList\",\"@id\":\"https:\/\/casadomingo.be\/es\/alquiler-de-coche\/#breadcrumb\",\"itemListElement\":[{\"@type\":\"ListItem\",\"position\":1,\"name\":\"Portada\",\"item\":\"https:\/\/casadomingo.be\/es\/\"},{\"@type\":\"ListItem\",\"position\":2,\"name\":\"Alquiler de Coche\"}]},{\"@type\":\"WebSite\",\"@id\":\"https:\/\/casadomingo.be\/es\/#website\",\"url\":\"https:\/\/casadomingo.be\/es\/\",\"name\":\"B&amp;B Casa Domingo\",\"description\":\"Alojamiento rural en \u00c1lora con piscina\",\"publisher\":{\"@id\":\"https:\/\/casadomingo.be\/es\/#organization\"},\"alternateName\":\"Alojamiento rural en \u00c1lora con piscina\",\"potentialAction\":[{\"@type\":\"SearchAction\",\"target\":{\"@type\":\"EntryPoint\",\"urlTemplate\":\"https:\/\/casadomingo.be\/es\/?s={search_term_string}\"},\"query-input\":{\"@type\":\"PropertyValueSpecification\",\"valueRequired\":true,\"valueName\":\"search_term_string\"}}],\"inLanguage\":\"es\"},{\"@type\":\"Organization\",\"@id\":\"https:\/\/casadomingo.be\/es\/#organization\",\"name\":\"B&B Casa Domingo \u00c1lora\",\"alternateName\":\"Alojamiento rural en \u00c1lora con piscina\",\"url\":\"https:\/\/casadomingo.be\/es\/\",\"logo\":{\"@type\":\"ImageObject\",\"inLanguage\":\"es\",\"@id\":\"https:\/\/casadomingo.be\/es\/#\/schema\/logo\/image\/\",\"url\":\"https:\/\/casadomingo.be\/wp-content\/uploads\/2023\/02\/foto-perfil-verde.png\",\"contentUrl\":\"https:\/\/casadomingo.be\/wp-content\/uploads\/2023\/02\/foto-perfil-verde.png\",\"width\":1080,\"height\":1080,\"caption\":\"B&B Casa Domingo \u00c1lora\"},\"image\":{\"@id\":\"https:\/\/casadomingo.be\/es\/#\/schema\/logo\/image\/\"},\"sameAs\":[\"https:\/\/www.facebook.com\/BedandBreakfastCasaDomingo\",\"https:\/\/www.instagram.com\/benb_casa_domingo\/\"]}]}<\/script>\n<!-- \/ Yoast SEO plugin. -->","yoast_head_json":{"title":"Alquiler de coches en B&B Casa Domingo, descubre Andaluc\u00eda.","description":"Alquiler de coches en B&B Casa Domingo, descubre Andaluc\u00eda con total libertad con nuestros coches de alquiler en \u00c1lora, M\u00e1laga.","robots":{"index":"index","follow":"follow","max-snippet":"max-snippet:-1","max-image-preview":"max-image-preview:large","max-video-preview":"max-video-preview:-1"},"canonical":"https:\/\/casadomingo.be\/es\/alquiler-de-coche\/","og_locale":"es_ES","og_type":"article","og_title":"Alquiler de coches en B&B Casa Domingo, descubre Andaluc\u00eda.","og_description":"Alquiler de coches en B&B Casa Domingo, descubre Andaluc\u00eda con total libertad con nuestros coches de alquiler en \u00c1lora, M\u00e1laga.","og_url":"https:\/\/casadomingo.be\/es\/alquiler-de-coche\/","og_site_name":"B&amp;B Casa Domingo","article_publisher":"https:\/\/www.facebook.com\/BedandBreakfastCasaDomingo","article_modified_time":"2024-06-19T11:40:25+00:00","og_image":[{"width":2560,"height":1707,"url":"https:\/\/casadomingo.be\/wp-content\/uploads\/2024\/02\/Autoverhuur-BB-Casa-Domingo-1-scaled.jpg","type":"image\/jpeg"}],"twitter_card":"summary_large_image","twitter_misc":{"Tiempo de lectura":"2 minutos"},"schema":{"@context":"https:\/\/schema.org","@graph":[{"@type":"WebPage","@id":"https:\/\/casadomingo.be\/es\/alquiler-de-coche\/","url":"https:\/\/casadomingo.be\/es\/alquiler-de-coche\/","name":"Alquiler de coches en B&B Casa Domingo, descubre Andaluc\u00eda.","isPartOf":{"@id":"https:\/\/casadomingo.be\/es\/#website"},"primaryImageOfPage":{"@id":"https:\/\/casadomingo.be\/es\/alquiler-de-coche\/#primaryimage"},"image":{"@id":"https:\/\/casadomingo.be\/es\/alquiler-de-coche\/#primaryimage"},"thumbnailUrl":"https:\/\/casadomingo.be\/wp-content\/uploads\/2024\/02\/Autoverhuur-BB-Casa-Domingo-1-scaled.jpg","datePublished":"2024-02-11T16:50:42+00:00","dateModified":"2024-06-19T11:40:25+00:00","description":"Alquiler de coches en B&B Casa Domingo, descubre Andaluc\u00eda con total libertad con nuestros coches de alquiler en \u00c1lora, M\u00e1laga.","breadcrumb":{"@id":"https:\/\/casadomingo.be\/es\/alquiler-de-coche\/#breadcrumb"},"inLanguage":"es","potentialAction":[{"@type":"ReadAction","target":["https:\/\/casadomingo.be\/es\/alquiler-de-coche\/"]}]},{"@type":"ImageObject","inLanguage":"es","@id":"https:\/\/casadomingo.be\/es\/alquiler-de-coche\/#primaryimage","url":"https:\/\/casadomingo.be\/wp-content\/uploads\/2024\/02\/Autoverhuur-BB-Casa-Domingo-1-scaled.jpg","contentUrl":"https:\/\/casadomingo.be\/wp-content\/uploads\/2024\/02\/Autoverhuur-BB-Casa-Domingo-1-scaled.jpg","width":2560,"height":1707,"caption":"Autoverhuur B&B Casa Domingo"},{"@type":"BreadcrumbList","@id":"https:\/\/casadomingo.be\/es\/alquiler-de-coche\/#breadcrumb","itemListElement":[{"@type":"ListItem","position":1,"name":"Portada","item":"https:\/\/casadomingo.be\/es\/"},{"@type":"ListItem","position":2,"name":"Alquiler de Coche"}]},{"@type":"WebSite","@id":"https:\/\/casadomingo.be\/es\/#website","url":"https:\/\/casadomingo.be\/es\/","name":"B&amp;B Casa Domingo","description":"Alojamiento rural en \u00c1lora con piscina","publisher":{"@id":"https:\/\/casadomingo.be\/es\/#organization"},"alternateName":"Alojamiento rural en \u00c1lora con piscina","potentialAction":[{"@type":"SearchAction","target":{"@type":"EntryPoint","urlTemplate":"https:\/\/casadomingo.be\/es\/?s={search_term_string}"},"query-input":{"@type":"PropertyValueSpecification","valueRequired":true,"valueName":"search_term_string"}}],"inLanguage":"es"},{"@type":"Organization","@id":"https:\/\/casadomingo.be\/es\/#organization","name":"B&B Casa Domingo \u00c1lora","alternateName":"Alojamiento rural en \u00c1lora con piscina","url":"https:\/\/casadomingo.be\/es\/","logo":{"@type":"ImageObject","inLanguage":"es","@id":"https:\/\/casadomingo.be\/es\/#\/schema\/logo\/image\/","url":"https:\/\/casadomingo.be\/wp-content\/uploads\/2023\/02\/foto-perfil-verde.png","contentUrl":"https:\/\/casadomingo.be\/wp-content\/uploads\/2023\/02\/foto-perfil-verde.png","width":1080,"height":1080,"caption":"B&B Casa Domingo \u00c1lora"},"image":{"@id":"https:\/\/casadomingo.be\/es\/#\/schema\/logo\/image\/"},"sameAs":["https:\/\/www.facebook.com\/BedandBreakfastCasaDomingo","https:\/\/www.instagram.com\/benb_casa_domingo\/"]}]}},"_links":{"self":[{"href":"https:\/\/casadomingo.be\/es\/wp-json\/wp\/v2\/pages\/2675","targetHints":{"allow":["GET"]}}],"collection":[{"href":"https:\/\/casadomingo.be\/es\/wp-json\/wp\/v2\/pages"}],"about":[{"href":"https:\/\/casadomingo.be\/es\/wp-json\/wp\/v2\/types\/page"}],"author":[{"embeddable":true,"href":"https:\/\/casadomingo.be\/es\/wp-json\/wp\/v2\/users\/1"}],"replies":[{"embeddable":true,"href":"https:\/\/casadomingo.be\/es\/wp-json\/wp\/v2\/comments?post=2675"}],"version-history":[{"count":17,"href":"https:\/\/casadomingo.be\/es\/wp-json\/wp\/v2\/pages\/2675\/revisions"}],"predecessor-version":[{"id":5737,"href":"https:\/\/casadomingo.be\/es\/wp-json\/wp\/v2\/pages\/2675\/revisions\/5737"}],"wp:featuredmedia":[{"embeddable":true,"href":"https:\/\/casadomingo.be\/es\/wp-json\/wp\/v2\/media\/4537"}],"wp:attachment":[{"href":"https:\/\/casadomingo.be\/es\/wp-json\/wp\/v2\/media?parent=2675"}],"curies":[{"name":"wp","href":"https:\/\/api.w.org\/{rel}","templated":true}]}}